{"id":2344,"date":"2021-11-23T20:01:21","date_gmt":"2021-11-23T20:01:21","guid":{"rendered":"https:\/\/tridomky.cz\/?page_id=2344"},"modified":"2026-03-06T22:24:13","modified_gmt":"2026-03-06T22:24:13","slug":"obchodni-podminky","status":"publish","type":"page","link":"https:\/\/tridomky.cz\/en\/obchodni-podminky\/","title":{"rendered":"Terms and Conditions"},"content":{"rendered":"<h3>Terms and conditions of accommodation<\/h3>\n<h4 style=\"text-align: left;\"><strong>T\u0159i domky s.r.o<br \/>\n<\/strong><\/h4>\n<h4>1. Introductory provisions<\/h4>\n<p>These terms and conditions apply to your stay at \u0164\u0159i domky, D\u011bpoltice, 340 22 De\u0161enice. The participants in the contractual relationship are, on the one hand, the landlord, on the other hand, the customer who is booking the stay. A natural or legal person (hereinafter referred to as the \"customer\") can become a customer. The customer, who is listed in the contract, represents all participants in the stay, is entitled to act on their behalf and is the only responsible person in relation to the landlord.<\/p>\n<p>By confirming the reservation in the accommodation facility, the customer agrees to these terms and conditions.<\/p>\n<h4>2. Establishment of a contractual relationship<\/h4>\n<p>The contractual relationship between the customer and the landlord arises by confirming the reservation \u0164\u0159i domky, D\u011bpoltice, 340 22 De\u0161enice by the customer in the online reservation system and paying the deposit \/ full amount for accommodation, as stated in Article 3, point 3.4 of these terms and conditions. The customer pays the deposit \/ the entire amount for accommodation in favor of the landlord's account. In exceptional cases, when the customer does not have internet access, he can make a reservation by phone.<\/p>\n<p>The customer and the landlord agree to the use of postal or electronic (e-mail) communication. Notices made in one or other of these ways shall be recognized by both parties as a valid written notice.<\/p>\n<h4>3. Price of stay and payment conditions<\/h4>\n<p>The price of the stay means the price stated in the reservation system and the info email (contract) about the accommodation, which will occur to the customer after confirming the reservation in the online reservation system the name of the object.<\/p>\n<h4>3.1. The price of the stay includes<\/h4>\n<ul>\n<li>accommodations<\/li>\n<li class=\" translation-block\">energy <em> (electricity, water \/ sewage, solid fuel) <\/em><\/li>\n<\/ul>\n<h4>3.2. The price of the stay does not include<\/h4>\n<ul>\n<li>transport<\/li>\n<li>food<\/li>\n<\/ul>\n<h4>3.3. Payment for the stay<\/h4>\n<p>The landlord has the right to pay the price of the stay before its implementation. Unless otherwise agreed in a written contract between the landlord and the customer, the customer is obliged <strong>pay a deposit of 50% of the stay within 14 days of sending the booking confirmation<\/strong> v on-line rezerva\u010dn\u00edm syst\u00e9mu T\u0159i domky na \u00fa\u010det z\u00e1kazn\u00edka. <strong>Doplatek 50% je z\u00e1kazn\u00edk povinen uhradit nejpozd\u011bji 31 dn\u00ed p\u0159ede dnem ur\u010den\u00fdm jako n\u00e1stup k pobytu.<\/strong><\/p>\n<p><strong>Payment terms for Christmas and New Year's Eve stays are as follows:<\/strong> Z\u00e1loha 50% do 14 ti dn\u016f od objedn\u00e1n\u00ed. Doplatek nejpozd\u011bji do 19. 10. p\u0159\u00edslu\u0161n\u00e9ho roku. V p\u0159\u00edpad\u011b objedn\u00e1n\u00ed pobytu po 20. 10. p\u0159\u00edslu\u0161n\u00e9ho roku je platba za pobyt splatn\u00e1 v pln\u00e9 v\u00fd\u0161i do 3 dn\u016f od p\u0159ijet\u00ed objedn\u00e1vky.<\/p>\n<p>If the customer does not comply with the payment conditions for the payment of the stay, the effects of the contract concluded between the customer and the accommodation provider will expire and the accommodation capacity will be offered to other interested parties.<\/p>\n<h4>4. Obligations of the customer<\/h4>\n<ul>\n<li>Provide the landlord with the co-operation that is necessary to properly secure and provide accommodation.<\/li>\n<li>Accept all sent documents necessary for the stay.<\/li>\n<li>Arrive at the scheduled time of arrival with all required documents.<\/li>\n<li>Follow the instructions, operating rules and instructions of the landlord and his authorized staff.<\/li>\n<li>It is the responsibility of the customer and all participants to behave in such a way that their health, life or property is not harmed, as well as damage to the landlord's property. Supervise the children or provide them with supervision that would prevent their possible injury in the building and its surroundings or cause damage to the property of the landlord.<\/li>\n<li>Use the accommodation premises properly, maintain order and cleanliness in them, especially if children are accommodated with it.<\/li>\n<li>Close windows and doors when leaving the accommodation.<\/li>\n<li>Observe fire safety standards when operating fireplaces.<\/li>\n<li>Announce the need for repairs in the accommodation without delay.<\/li>\n<li>Immediately report any damage or injury caused by the customer or the person accommodated in the accommodation.<\/li>\n<li><strong>The houses are equipped with a bacteriological wastewater treatment plant, it is FORBIDDEN to flush or pour any chemicals into the waste, all cleaning agents must be biodegradable and intended for use in domestic wastewater treatment plants, and must not be flushed to the toilet WET NAPKINS and other non-degradable agents. Women's toiletries must be thrown in the trash! ONLY TOILET PAPER can be thrown into the toilet in the smallest necessary amount to prevent the toilet from clogging.<\/strong><\/li>\n<\/ul>\n<p><strong>The customer is obliged to pay for any damage incurred in the premises reserved for accommodation, free entertainment or relaxation, including compensation for lost profits up to the amount of 20 thousand. CZK. The landlord may claim higher damages incurred in areas reserved for accommodation, free entertainment or relaxation in full, including compensation for lost profits in the amount of the valid price for accommodation for the entire period during which the object \/ room \/ apartment \/ relaxation area will be taken out of service. in accordance with Act No. 89\/2012 Coll., the Civil Code. The customer has this obligation even if the damage is caused by children or other persons accommodated with the customer.<\/strong><\/p>\n<h4>4.1 The customer may not, without the prior consent of the landlord:<\/h4>\n<ul>\n<li>Make significant changes in accommodation (move furniture, etc.).<\/li>\n<li>Use your own appliances on the premises.<\/li>\n<li>Leave the space reserved for accommodation to another person.<\/li>\n<\/ul>\n<h4>4.2 Furthermore, the customer may not:<\/h4>\n<ul>\n<li><strong>Smoking indoors.<\/strong><\/li>\n<li><strong>Light candles in the premises of the building.<\/strong><\/li>\n<li>Holding, producing or storing narcotic or psychotropic substances or poisons, other than medicines the use of which has been prescribed to the customer by a doctor.<\/li>\n<li>Carry the weapon and ammunition or otherwise store them in a condition that allows them to be used immediately.<\/li>\n<\/ul>\n<h4>5. Duties, rights and responsibilities of the landlord<\/h4>\n<p>The landlord is obliged to hand over the accommodation to the customer in a condition suitable for proper use and to ensure the undisturbed exercise of his rights associated with the accommodation. The landlord takes care to eliminate the reported defects without undue delay and is obliged to maintain the accommodation in proper technical and hygienic condition.<\/p>\n<p>The landlord is obliged to hand over the accommodation to the customer in a condition suitable for proper use and to ensure the undisturbed exercise of his rights associated with the accommodation. The landlord takes care to eliminate the reported defects without undue delay and is required to maintain the accommodation in proper technical and hygienic condition.<\/p>\n<p>The landlord is not responsible for damage to health (or damage to property) of customers, which was caused by their carelessness, inattention, negligence, misuse or poor supervision (supervision).<\/p>\n<h4>6. Stay<\/h4>\n<p>The customer has the right to use the areas reserved for accommodation, as well as the common areas of the building. They will receive a key at the beginning of the accommodation. This key must be returned to the landlord at the latest at the end of the accommodation. The customer is obliged to prevent the loss or theft of this key and not to lend it to persons who are not accommodated in the building. In case of loss, theft or misuse of the key, the customer is obliged to pay the landlord a contractual penalty in the amount of\u00a0<strong>2000<\/strong>CZK; this does not affect the landlord's right to claim damages.<\/p>\n<p>The landlord accommodates the customer from<strong> 16.00 <\/strong>to<strong>\u00a024:00\u00a0<\/strong>hours of the relevant day of arrival to the accommodation and the customer is obliged to leave the building on the day of the end of the accommodation no later than<strong>\u00a010.30\u00a0<\/strong>hodin.\u00a0Nedodr\u017e\u00ed-li z\u00e1kazn\u00edk tuto dobu, bude mu \u00fa\u010dtov\u00e1na cena za dal\u0161\u00ed den pobytu, dle platn\u00e9ho cen\u00edku.<\/p>\n<p>Zm\u011bna \u010das\u016f je mo\u017en\u00e1 pouze po p\u0159edchoz\u00ed domluv\u011b s Ubytovatelem.<\/p>\n<h4>6.1. Transport to the place of stay<\/h4>\n<p>Transport to the place of stay is individual and all costs with transport to the place of stay are paid by the customer.<\/p>\n<h4>6.2. Accommodations<\/h4>\n<p>The number of accommodated persons must not exceed the bed capacity of the building. The exact or preliminary number of guests is stated in the contract, which the customer will receive after booking. The \"Viewpoint\" building is not intended for children under 6 years of age. In the Hru\u0161ka and Ateli\u00e9r buildings, it is possible to request a travel cot for children up to the age of 3 (a high chair and a children's toilet board are available in these buildings).<\/p>\n<p>It is forbidden for the entire capacity of the building to be used only by minors under the age of 18 or only by persons with limited autonomy. In the case of accommodation of persons under 18 years of age or persons with limited autonomy, it is necessary to ensure at least one responsible supervision over 18 years of age, who will participate in the entire stay.<\/p>\n<p>Pobyty del\u0161\u00ed ne\u017e 14 dn\u016f (13 noc\u00ed) je pot\u0159eba p\u0159ed objedn\u00e1n\u00edm konzultovat s ubytovatelem.<\/p>\n<h4>6.3. Energy and savings<\/h4>\n<p>In the interest of energy savings and thus respect for the environment, we ask you not to ventilate for a long time in the winter, let alone in order to reduce the temperature in the room \/ building. The houses are also equipped with a direct heater, but this is NOT intended as the primary source for heating the building, it is used ONLY for possible tempering or preheating of the space in the winter before the arrival of guests.<\/p>\n<h4>6.4. Pets<\/h4>\n<p><strong>The landlord does not allow stays with dogs or other pets.\u00a0<\/strong><\/p>\n<h4>6.5. Valuables<\/h4>\n<p>The landlord recommends customers not to leave jewelry, money and other valuables in the building, or to properly secure valuables against theft. The landlord is not responsible for loss or damage to the items. The landlord is not obliged to provide storage of these things.<\/p>\n<h4>6.6. Parking<\/h4>\n<p>Parking of customers' vehicles is possible on the landlord's own land in front of the building. These areas are freely accessible, and therefore the landlord is not responsible for the theft of the vehicle or things in it, it is not a guarded parking lot.<\/p>\n<h4>7. Changes to the contract and withdrawal from the contract (cancellation terms)<\/h4>\n<p>If the landlord is forced for objective reasons to change the essential conditions of the contract before the start of the stay, he can propose to the customer a change in the contract. In this case, the customer has the right to agree to the change or withdraw from the contract. If the customer does not withdraw by written notice within 10 days from the date of delivery of the proposal for change, it is considered that he agrees with the change.<\/p>\n<p>The customer has the right to withdraw from the accommodation contract.<\/p>\n<p>The landlord has the right to withdraw from this contract if the customer grossly violates the obligations set out in this contract, the accommodation regulations, or grossly violates good manners in the building.<\/p>\n<p>Withdrawal from this contract must be in writing and delivered to the other party. Withdrawal from this contract does not affect the obligation to pay receivables from this contract incurred before the withdrawal or cancellation fees.<\/p>\n<p>Withdrawal from the contract is governed by the following cancellation conditions, which set the amount of cancellation fees:<\/p>\n<ol>\n<li>Ubytovatel se zavazuje ne\u00fa\u010dtovat storno poplatky v p\u0159\u00edpad\u011b zru\u0161en\u00ed rezervace do 15 dn\u016f p\u0159ed ohl\u00e1\u0161en\u00fdm p\u0159\u00edjezdem (vyjma ustanoven\u00ed v bodu 5. a 6 n\u00ed\u017ee tohoto \u010dl\u00e1nku).<\/li>\n<li>If the reservation is canceled 14 - 8 days before arrival, 50% of the total price of the stay will be charged as a cancellation fee.<\/li>\n<li>If the reservation is canceled 7 - 4 days before arrival, 75% of the total price of the stay will be charged as a cancellation fee.<\/li>\n<li>P\u0159i zru\u0161en\u00ed rezervace 3 a\u017e 1 den p\u0159ed p\u0159\u00edjezdem nebo v den p\u0159\u00edjezdu bude jako storno poplatek \u00fa\u010dtov\u00e1no 100% z celkov\u00e9 ceny pobytu.<\/li>\n<li><strong>Na letn\u00ed pr\u00e1zdniny tzn. na m\u011bs\u00edce \u010devenec a srpen, \u00a0se vztahuj\u00ed odli\u0161n\u00e9 storno podm\u00ednky ne\u017e na zbyl\u00e9 m\u011bs\u00edce a \u00a0v\u00e1no\u010dn\u00ed \/ silvestrovsk\u00e9 pobyty. Pobyty b\u011bhem letn\u00edch pr\u00e1zdnin je mo\u017en\u00e9 zru\u0161it bez storno poplatku nejpozd\u011bji 30 dn\u016f p\u0159ed ohl\u00e1\u0161en\u00fdm p\u0159\u00edjezdem. <\/strong>For cancellations made 29\u201315 days prior to arrival, a cancellation fee of 50% of the total price of the stay will be charged. For cancellations made 14\u20131 days prior to arrival or on the day of arrival, a cancellation fee of 100% of the total price of the stay will be charged.<\/li>\n<li><strong>Christmas and New Year's Eve stays are subject to special cancellation policies<\/strong> as follows:\u00a0<strong style=\"font-size: revert;\">storno V\u00e1no\u010dn\u00edho\/Silvestrovsk\u00e9ho pobytu je mo\u017en\u00e9 bezplatn\u011b prov\u00e9st NEJPOZD\u011aJI do 20. 10. p\u0159\u00edslu\u0161n\u00e9ho roku. <\/strong>Cancellation \/ shortening of the stay after this date will be subject to a cancellation fee of 100% of the price. No cancellation fee will be charged only if the cancelled date is sold in full. If only part of the stay is sold, only the price of the newly occupied nights will be refunded. It is recommended to insure the stay.<\/li>\n<li>When shortening the length of stay, the same cancellation period applies as when canceling the stay.<\/li>\n<li><strong>If the customer finds a refund for the full amount of the order, he will not be charged any cancellation fees. In this case, only report the change of customer, incl. all contact details (telephone, e-mail\u2026).<\/strong><\/li>\n<li>Cancellation policy for stays of more than 10 nights will be set individually.<\/li>\n<li>The cancellation fee is a contractual penalty.<\/li>\n<\/ol>\n<p>The stated percentage of cancellation fees will be calculated (a) in case of withdrawal before the start of the accommodation or non-arrival from the price of the accommodation, (b) in case of early termination of the accommodation from secured and unused accommodation services.<\/p>\n<p>In justified cases (death in the family, force majeure, etc.) the cancellation fee may not be charged based on the decision of the landlord.<\/p>\n<p>In the event of withdrawal from the accommodation contract, the landlord is entitled to call on the customer to immediately vacate the accommodation and leave the building, and the customer is obliged to comply with this request immediately.<\/p>\n<h4>8. Complaints<\/h4>\n<p>The customer is obliged to file a possible complaint immediately after finding the defect with the landlord or the responsible person of the landlord, so that a remedy can be made.<\/p>\n<h4>9. Final provisions<\/h4>\n<p>The General Terms and Conditions apply to all stays and facilities of \u0164\u0159i domky, D\u011bpoltice, 340 22 De\u0161enice and come into force and effect on 1.9.2021<\/p>\n<p>By concluding the contract, the customer confirms that he understands the above-mentioned contractual conditions and accepts them in full on his own behalf and on behalf of the other participants in the stay.<\/p>\n<p>By concluding the contract, the customer further confirms that he has been informed by the landlord that in the event of a dispute between the parties to this contract, he has the opportunity to use an out-of-court settlement of such a dispute, at the Czech Trade Inspection Authority (www.coi.cz).<\/p>","protected":false},"excerpt":{"rendered":"<p>Smluvn\u00ed podm\u00ednky ubytov\u00e1n\u00ed T\u0159i domky s.r.o 1. \u00davodn\u00ed ustanoven\u00ed Tyto smluvn\u00ed podm\u00ednky plat\u00ed pro pobyt v\u00a0ubytovac\u00edm za\u0159\u00edzen\u00ed\u00a0\u0164\u0159i domky, D\u011bpoltice, 340 22 De\u0161enice.\u00a0\u00da\u010dastn\u00edky smluvn\u00edho vztahu jsou na jedn\u00e9 stran\u011b ubytovatel, na&#8230;<\/p>","protected":false},"author":1,"featured_media":0,"parent":0,"menu_order":0,"comment_status":"closed","ping_status":"closed","template":"","meta":{"footnotes":""},"class_list":["post-2344","page","type-page","status-publish"],"_links":{"self":[{"href":"https:\/\/tridomky.cz\/en\/wp-json\/wp\/v2\/pages\/2344","targetHints":{"allow":["GET"]}}],"collection":[{"href":"https:\/\/tridomky.cz\/en\/wp-json\/wp\/v2\/pages"}],"about":[{"href":"https:\/\/tridomky.cz\/en\/wp-json\/wp\/v2\/types\/page"}],"author":[{"embeddable":true,"href":"https:\/\/tridomky.cz\/en\/wp-json\/wp\/v2\/users\/1"}],"replies":[{"embeddable":true,"href":"https:\/\/tridomky.cz\/en\/wp-json\/wp\/v2\/comments?post=2344"}],"version-history":[{"count":16,"href":"https:\/\/tridomky.cz\/en\/wp-json\/wp\/v2\/pages\/2344\/revisions"}],"predecessor-version":[{"id":3377,"href":"https:\/\/tridomky.cz\/en\/wp-json\/wp\/v2\/pages\/2344\/revisions\/3377"}],"wp:attachment":[{"href":"https:\/\/tridomky.cz\/en\/wp-json\/wp\/v2\/media?parent=2344"}],"curies":[{"name":"wp","href":"https:\/\/api.w.org\/{rel}","templated":true}]}}